{"id":323,"date":"2025-03-04T10:09:06","date_gmt":"2025-03-04T10:09:06","guid":{"rendered":"https:\/\/groupvsr.dev.loudzap.com\/?page_id=323"},"modified":"2025-06-21T09:41:10","modified_gmt":"2025-06-21T09:41:10","slug":"gabinete-de-engenharia","status":"publish","type":"page","link":"https:\/\/groupvsr.pt\/en\/a-equipa\/gabinete-de-engenharia\/","title":{"rendered":"Gabinete de Engenharia"},"content":{"rendered":"<div data-elementor-type=\"wp-page\" data-elementor-id=\"323\" class=\"elementor elementor-323\" data-elementor-post-type=\"page\">\n\t\t\t\t<div class=\"elementor-element elementor-element-5e97dee e-flex e-con-boxed e-con e-parent\" data-id=\"5e97dee\" data-element_type=\"container\" data-e-type=\"container\" data-settings=\"{&quot;background_background&quot;:&quot;classic&quot;}\">\n\t\t\t\t\t<div class=\"e-con-inner\">\n\t\t<div class=\"elementor-element elementor-element-81403cd e-con-full e-flex e-con e-child\" data-id=\"81403cd\" data-element_type=\"container\" data-e-type=\"container\">\n\t\t\t\t<div class=\"elementor-element elementor-element-b5a21b6 elementor-widget__width-inherit elementor-widget elementor-widget-heading\" data-id=\"b5a21b6\" data-element_type=\"widget\" data-e-type=\"widget\" data-widget_type=\"heading.default\">\n\t\t\t\t<div class=\"elementor-widget-container\">\n\t\t\t\t\t<h1 class=\"elementor-heading-title elementor-size-default\">Engineering Projects and Construction Supervision<\/h1>\t\t\t\t<\/div>\n\t\t\t\t<\/div>\n\t\t\t\t<\/div>\n\t\t\t\t\t<\/div>\n\t\t\t\t<\/div>\n\t\t<div class=\"elementor-element elementor-element-387cb26 e-flex e-con-boxed e-con e-parent\" data-id=\"387cb26\" data-element_type=\"container\" data-e-type=\"container\">\n\t\t\t\t\t<div class=\"e-con-inner\">\n\t\t<div class=\"elementor-element elementor-element-5f6ed41 e-con-full e-flex e-con e-child\" data-id=\"5f6ed41\" data-element_type=\"container\" data-e-type=\"container\">\n\t\t<div class=\"elementor-element elementor-element-33b562d e-con-full e-flex e-con e-child\" data-id=\"33b562d\" data-element_type=\"container\" data-e-type=\"container\">\n\t\t<div class=\"elementor-element elementor-element-c49b9e0 e-con-full e-flex e-con e-child\" data-id=\"c49b9e0\" data-element_type=\"container\" data-e-type=\"container\">\n\t\t\t\t<div class=\"elementor-element elementor-element-f9258f3 elementor-widget elementor-widget-heading\" data-id=\"f9258f3\" data-element_type=\"widget\" data-e-type=\"widget\" data-widget_type=\"heading.default\">\n\t\t\t\t<div class=\"elementor-widget-container\">\n\t\t\t\t\t<div class=\"elementor-heading-title elementor-size-default\">The Team<\/div>\t\t\t\t<\/div>\n\t\t\t\t<\/div>\n\t\t\t\t<\/div>\n\t\t\t\t<div class=\"elementor-element elementor-element-3065cbf elementor-widget__width-initial elementor-widget elementor-widget-heading\" data-id=\"3065cbf\" data-element_type=\"widget\" data-e-type=\"widget\" data-widget_type=\"heading.default\">\n\t\t\t\t<div class=\"elementor-widget-container\">\n\t\t\t\t\t<h2 class=\"elementor-heading-title elementor-size-default\">Gabinete de Engenharia \u2013 Excel\u00eancia que se constr\u00f3i com experi\u00eancia<\/h2>\t\t\t\t<\/div>\n\t\t\t\t<\/div>\n\t\t\t\t<div class=\"elementor-element elementor-element-bac918b elementor-widget__width-initial elementor-widget-tablet__width-inherit elementor-widget elementor-widget-text-editor\" data-id=\"bac918b\" data-element_type=\"widget\" data-e-type=\"widget\" data-widget_type=\"text-editor.default\">\n\t\t\t\t<div class=\"elementor-widget-container\">\n\t\t\t\t\t\t\t\t\t<p>Gabinete de Engenharia com mais de tr\u00eas d\u00e9cadas, parceiro do Grupo VSR. Reconhecido como uma refer\u00eancia na Engenharia Civil em Portugal, distingue-se pelo seu rigor t\u00e9cnico, inova\u00e7\u00e3o constante e um compromisso inabal\u00e1vel com a excel\u00eancia.<\/p>\n<p>His vast experience has been decisive in the design, supervision and management of large-scale projects, always focusing on the sophistication, efficiency and durability of the solutions presented.<\/p>\n<p><strong>Areas of Expertise:<\/strong><\/p>\n<ul>\n<li><strong>High Quality Engineering Projects<\/strong><br>These include land development infrastructures, residential and business buildings, industrial units, hospitals, factories and other prestigious projects.<\/li>\n<li><strong>Construction supervision and monitoring<\/strong><br>Detailed supervision that ensures strict adherence to deadlines, quality standards and compliance with technical and legal regulations.<\/li>\n<\/ul>\n<p><br><\/p><p>Combinando engenharia de vanguarda, tecnologia de \u00faltima gera\u00e7\u00e3o e uma vis\u00e3o diferenciadora, o gabinete lidera projetos \u00fanicos que definem novos padr\u00f5es de qualidade e sofistica\u00e7\u00e3o no setor. O seu trabalho \u00e9 sin\u00f3nimo de prest\u00edgio e inova\u00e7\u00e3o \u2014 um verdadeiro legado na Engenharia Civil.<\/p>\n<p>Para quem exige mais do que estruturas \u2014 para quem procura verdadeiras obras-primas \u2014 Group VSR \u00e9 a escolha certa.<\/p>\n<p><em><strong>Contact us and discover how to transform your vision into a grand reality.<\/strong><\/em><\/p>\t\t\t\t\t\t\t\t<\/div>\n\t\t\t\t<\/div>\n\t\t\t\t<div class=\"elementor-element elementor-element-9540b22 elementor-tablet-align-center elementor-widget__width-inherit elementor-widget elementor-widget-button\" data-id=\"9540b22\" data-element_type=\"widget\" data-e-type=\"widget\" data-widget_type=\"button.default\">\n\t\t\t\t<div class=\"elementor-widget-container\">\n\t\t\t\t\t\t\t\t\t<div class=\"elementor-button-wrapper\">\n\t\t\t\t\t<a class=\"elementor-button elementor-button-link elementor-size-sm\" href=\"https:\/\/groupvsr.pt\/en\/contactos\/\">\n\t\t\t\t\t\t<span class=\"elementor-button-content-wrapper\">\n\t\t\t\t\t\t\t\t\t<span class=\"elementor-button-text\">Contact us<\/span>\n\t\t\t\t\t<\/span>\n\t\t\t\t\t<\/a>\n\t\t\t\t<\/div>\n\t\t\t\t\t\t\t\t<\/div>\n\t\t\t\t<\/div>\n\t\t\t\t<\/div>\n\t\t<div class=\"elementor-element elementor-element-517f14f e-con-full e-flex e-con e-child\" data-id=\"517f14f\" data-element_type=\"container\" data-e-type=\"container\">\n\t\t\t\t<div class=\"elementor-element elementor-element-fdbfda6 elementor-widget__width-inherit elementor-widget elementor-widget-image\" data-id=\"fdbfda6\" data-element_type=\"widget\" data-e-type=\"widget\" data-widget_type=\"image.default\">\n\t\t\t\t<div class=\"elementor-widget-container\">\n\t\t\t\t\t\t\t\t\t\t\t\t\t\t\t<img alt=\"\" fetchpriority=\"high\" decoding=\"async\" width=\"1280\" height=\"1920\" src=\"https:\/\/groupvsr.pt\/wp-content\/uploads\/2025\/05\/measuring-tape-pencils-and-blueprints-with-sketch-2025-03-14-21-59-19-utc.webp\" class=\"attachment-full size-full wp-image-787\" srcset=\"https:\/\/groupvsr.pt\/wp-content\/uploads\/2025\/05\/measuring-tape-pencils-and-blueprints-with-sketch-2025-03-14-21-59-19-utc.webp 1280w, https:\/\/groupvsr.pt\/wp-content\/uploads\/2025\/05\/measuring-tape-pencils-and-blueprints-with-sketch-2025-03-14-21-59-19-utc-800x1200.webp 800w, https:\/\/groupvsr.pt\/wp-content\/uploads\/2025\/05\/measuring-tape-pencils-and-blueprints-with-sketch-2025-03-14-21-59-19-utc-1200x1800.webp 1200w, https:\/\/groupvsr.pt\/wp-content\/uploads\/2025\/05\/measuring-tape-pencils-and-blueprints-with-sketch-2025-03-14-21-59-19-utc-400x600.webp 400w, https:\/\/groupvsr.pt\/wp-content\/uploads\/2025\/05\/measuring-tape-pencils-and-blueprints-with-sketch-2025-03-14-21-59-19-utc-768x1152.webp 768w, https:\/\/groupvsr.pt\/wp-content\/uploads\/2025\/05\/measuring-tape-pencils-and-blueprints-with-sketch-2025-03-14-21-59-19-utc-1024x1536.webp 1024w, https:\/\/groupvsr.pt\/wp-content\/uploads\/2025\/05\/measuring-tape-pencils-and-blueprints-with-sketch-2025-03-14-21-59-19-utc-8x12.webp 8w\" sizes=\"(max-width: 1280px) 100vw, 1280px\" \/>\t\t\t\t\t\t\t\t\t\t\t\t\t\t\t<\/div>\n\t\t\t\t<\/div>\n\t\t\t\t<\/div>\n\t\t\t\t<\/div>\n\t\t\t\t\t<\/div>\n\t\t\t\t<\/div>\n\t\t\t\t<\/div>","protected":false},"excerpt":{"rendered":"<p>Projetos de Engenharia e Fiscaliza\u00e7\u00e3o de Obras A Equipa Gabinete de Engenharia \u2013 Excel\u00eancia que se constr\u00f3i com experi\u00eancia Gabinete de Engenharia com mais de tr\u00eas d\u00e9cadas, parceiro do Grupo VSR. Reconhecido como uma refer\u00eancia na Engenharia Civil em Portugal, distingue-se pelo seu rigor t\u00e9cnico, inova\u00e7\u00e3o constante e um compromisso inabal\u00e1vel com a excel\u00eancia. A [&hellip;]<\/p>\n","protected":false},"author":4,"featured_media":0,"parent":311,"menu_order":5,"comment_status":"closed","ping_status":"closed","template":"","meta":{"_seopress_robots_primary_cat":"","_seopress_titles_title":"","_seopress_titles_desc":"","_seopress_robots_index":"","_seopress_analysis_target_kw":"","footnotes":""},"class_list":["post-323","page","type-page","status-publish","hentry"],"_links":{"self":[{"href":"https:\/\/groupvsr.pt\/en\/wp-json\/wp\/v2\/pages\/323","targetHints":{"allow":["GET"]}}],"collection":[{"href":"https:\/\/groupvsr.pt\/en\/wp-json\/wp\/v2\/pages"}],"about":[{"href":"https:\/\/groupvsr.pt\/en\/wp-json\/wp\/v2\/types\/page"}],"author":[{"embeddable":true,"href":"https:\/\/groupvsr.pt\/en\/wp-json\/wp\/v2\/users\/4"}],"replies":[{"embeddable":true,"href":"https:\/\/groupvsr.pt\/en\/wp-json\/wp\/v2\/comments?post=323"}],"version-history":[{"count":26,"href":"https:\/\/groupvsr.pt\/en\/wp-json\/wp\/v2\/pages\/323\/revisions"}],"predecessor-version":[{"id":830,"href":"https:\/\/groupvsr.pt\/en\/wp-json\/wp\/v2\/pages\/323\/revisions\/830"}],"up":[{"embeddable":true,"href":"https:\/\/groupvsr.pt\/en\/wp-json\/wp\/v2\/pages\/311"}],"wp:attachment":[{"href":"https:\/\/groupvsr.pt\/en\/wp-json\/wp\/v2\/media?parent=323"}],"curies":[{"name":"wp","href":"https:\/\/api.w.org\/{rel}","templated":true}]}}